{"id":407,"date":"2024-05-31T10:46:21","date_gmt":"2024-05-31T10:46:21","guid":{"rendered":"https:\/\/leadlinksolutions.org\/?page_id=407"},"modified":"2024-06-07T08:20:08","modified_gmt":"2024-06-07T08:20:08","slug":"analysen-berichte","status":"publish","type":"page","link":"https:\/\/leadlinksolutions.org\/?page_id=407","title":{"rendered":"Analysen &#038; Berichte"},"content":{"rendered":"<p>[et_pb_section fb_built=&#8221;1&#8243; _builder_version=&#8221;4.25.1&#8243; _module_preset=&#8221;default&#8221; border_color_top=&#8221;#edc500&#8243; locked=&#8221;off&#8221; global_colors_info=&#8221;{}&#8221;][et_pb_row _builder_version=&#8221;4.25.1&#8243; _module_preset=&#8221;default&#8221; global_colors_info=&#8221;{}&#8221;][et_pb_column type=&#8221;4_4&#8243; _builder_version=&#8221;4.25.1&#8243; _module_preset=&#8221;default&#8221; global_colors_info=&#8221;{}&#8221;][et_pb_text _builder_version=&#8221;4.25.1&#8243; _module_preset=&#8221;default&#8221; global_colors_info=&#8221;{}&#8221;]<\/p>\n<h1 style=\"text-align: center;\"><b>Analysen &amp; Berichte<\/b><\/h1>\n<p>[\/et_pb_text][et_pb_text _builder_version=&#8221;4.25.1&#8243; _module_preset=&#8221;default&#8221; global_colors_info=&#8221;{}&#8221;]<\/p>\n<p style=\"text-align: center;\">Unser Service f\u00fcr Analysen und Berichte bietet Ihnen umfassende Einblicke in Ihre Lead-Generierung und Konversionsprozesse. Wir nutzen Daten aus Ihren Facebook Lead Ads und liefern detaillierte Berichte, die Ihnen helfen, die Effektivit\u00e4t Ihrer Kampagnen zu verstehen und zu optimieren.<\/p>\n<p>[\/et_pb_text][\/et_pb_column][\/et_pb_row][\/et_pb_section][et_pb_section fb_built=&#8221;1&#8243; _builder_version=&#8221;4.25.1&#8243; _module_preset=&#8221;default&#8221; background_color=&#8221;#272323&#8243; min_height=&#8221;822.2px&#8221; custom_margin=&#8221;-20px||||false|false&#8221; border_width_top=&#8221;3px&#8221; border_color_top=&#8221;#edc500&#8243; global_colors_info=&#8221;{}&#8221;][et_pb_row _builder_version=&#8221;4.25.1&#8243; _module_preset=&#8221;default&#8221; global_colors_info=&#8221;{}&#8221;][et_pb_column type=&#8221;4_4&#8243; _builder_version=&#8221;4.25.1&#8243; _module_preset=&#8221;default&#8221; global_colors_info=&#8221;{}&#8221;][et_pb_text _builder_version=&#8221;4.25.1&#8243; _module_preset=&#8221;default&#8221; text_text_color=&#8221;#FFFFFF&#8221; header_font=&#8221;|700|||||||&#8221; header_text_color=&#8221;#edc500&#8243; header_2_font=&#8221;|700|||||||&#8221; header_2_text_color=&#8221;#FFFFFF&#8221; header_3_font=&#8221;|800|||||||&#8221; header_3_text_color=&#8221;#edc500&#8243; header_3_font_size=&#8221;24px&#8221; background_layout=&#8221;dark&#8221; global_colors_info=&#8221;{}&#8221;]<\/p>\n<h1>Wie funktioniert es?<\/h1>\n<h3><span style=\"font-weight: 400;\"><\/span><\/h3>\n<h3><strong>Lead-Erfassung und Daten\u00fcbertragung<\/strong><\/h3>\n<ul>\n<li style=\"list-style-type: none;\">\n<ul>\n<li aria-level=\"2\"><span style=\"font-weight: 400;\">Wir generieren Leads durch gezielte Facebook Lead Ads, die potenzielle Kunden anziehen, die sich f\u00fcr Ihre Lead-Magneten interessieren.<\/span><\/li>\n<li aria-level=\"2\">Sobald ein Lead seinen Namen, seine Mobiltelefonnummer und E-Mail-Adresse eingegeben hat, werden diese Daten automatisch in ein Google Sheet \u00fcbertragen, das f\u00fcr Sie oder definierte Mitarbeiter Ihres Unternehmens freigeschaltet ist.<\/li>\n<\/ul>\n<\/li>\n<\/ul>\n<h3><strong>Statusverfolgung<\/strong><\/h3>\n<p><span style=\"font-weight: 400;\">In dem Google Sheet wird jeder Lead mit einem spezifischen Status versehen, der den aktuellen Stand der Interaktion widerspiegelt. Zu den m\u00f6glichen Status geh\u00f6ren:<\/span><\/p>\n<h3><strong>Detaillierte Analysen<\/strong><\/h3>\n<ul>\n<li style=\"list-style-type: none;\">\n<ul>\n<li aria-level=\"2\"><span style=\"font-weight: 400;\">Wir analysieren die gesammelten Daten, um wichtige Trends und Muster zu erkennen. Diese Analysen helfen Ihnen, zu verstehen, welche Aspekte Ihrer Kampagnen gut funktionieren und wo Optimierungspotenzial besteht.<\/span><\/li>\n<li aria-level=\"2\">Zu den analysierten Daten geh\u00f6ren unter anderem die Konversionsraten, die Effektivit\u00e4t der Kontaktaufnahme und die Verkaufszahlen.<\/li>\n<\/ul>\n<\/li>\n<\/ul>\n<h3><strong>Berichterstellung<\/strong><\/h3>\n<p><span style=\"font-weight: 400;\">Basierend auf den Analysen erstellen wir detaillierte Berichte, die Ihnen einen klaren \u00dcberblick \u00fcber die Leistung Ihrer Kampagnen geben. Diese Berichte beinhalten:<\/span><\/p>\n<ul>\n<li style=\"list-style-type: none;\">\n<ul>\n<li aria-level=\"3\"><span style=\"font-weight: 400;\">Lead-Quellen: Identifikation der effektivsten Facebook Ads.<\/span><\/li>\n<li aria-level=\"3\">Konversionspfade: Verfolgung des Weges, den Leads von der Erfassung bis zum Kauf durchlaufen.<\/li>\n<li aria-level=\"3\">Performance-Metriken: Kennzahlen zur Bewertung der Kampagneneffektivit\u00e4t, wie z.B. die Kontaktierungsrate, Terminvereinbarungsrate und Abschlussrate.<\/li>\n<\/ul>\n<\/li>\n<\/ul>\n<h3><strong>Strategische Empfehlungen<\/strong><\/h3>\n<p><span style=\"font-weight: 400;\">Neben der Bereitstellung von Berichten bieten wir auch strategische Empfehlungen zur Optimierung Ihrer Lead-Generierungsprozesse. Diese Empfehlungen basieren auf den gewonnenen Erkenntnissen und zielen darauf ab, Ihre Konversionsraten weiter zu steigern und Ihre Marketingstrategie zu verfeinern.<\/span><\/p>\n<h3><strong>Transparenz<\/strong><\/h3>\n<p><span style=\"font-weight: 400;\">Erhalten Sie einen klaren Einblick in den gesamten Lead-Generierungsprozess und die Performance Ihrer Kampagnen.<\/span><\/p>\n<h3><strong>Datengetriebene Entscheidungen<\/strong><\/h3>\n<p><span style=\"font-weight: 400;\">Nutzen Sie fundierte Analysen, um Ihre Marketingentscheidungen zu unterst\u00fctzen und zu verbessern.<\/span><\/p>\n<h3><strong>Effizienzsteigerung<\/strong><\/h3>\n<p><span style=\"font-weight: 400;\">Identifizieren Sie Schwachstellen und Chancen in Ihrer Kampagne, um die Effizienz und den Erfolg zu maximieren.<\/span><\/p>\n<h3><strong>Kontinuierliche Verbesserung:<\/strong><\/h3>\n<p><span style=\"font-weight: 400;\">Verfolgen Sie den Fortschritt und die Ergebnisse Ihrer Kampagnen in Echtzeit und passen Sie Ihre Strategien kontinuierlich an.<\/span><\/p>\n<p style=\"text-align: left;\"><span style=\"font-weight: 400;\">Mit unserem Service f\u00fcr Analysen und Berichte haben Sie alle notwendigen Werkzeuge, um Ihre Lead-Generierung zu optimieren und nachhaltigen Erfolg zu gew\u00e4hrleisten. Kontaktieren Sie uns, um mehr dar\u00fcber zu erfahren, wie wir Ihnen helfen k\u00f6nnen, Ihre Marketingziele zu erreichen.<\/span><\/p>\n<p><span style=\"font-weight: 400;\"><\/span><\/p>\n<p>[\/et_pb_text][\/et_pb_column][\/et_pb_row][\/et_pb_section][et_pb_section fb_built=&#8221;1&#8243; _builder_version=&#8221;4.25.1&#8243; _module_preset=&#8221;default&#8221; background_color=&#8221;#FFFFFF&#8221; custom_margin=&#8221;||||false|false&#8221; custom_padding=&#8221;||||false|false&#8221; top_divider_height=&#8221;71px&#8221; top_divider_repeat=&#8221;1x&#8221; top_divider_flip=&#8221;horizontal&#8221; border_width_bottom=&#8221;2px&#8221; border_color_bottom=&#8221;#edc500&#8243; saved_tabs=&#8221;all&#8221; locked=&#8221;off&#8221; global_colors_info=&#8221;{}&#8221;][et_pb_row _builder_version=&#8221;4.25.1&#8243; _module_preset=&#8221;default&#8221; global_colors_info=&#8221;{}&#8221;][et_pb_column type=&#8221;4_4&#8243; _builder_version=&#8221;4.25.1&#8243; _module_preset=&#8221;default&#8221; global_colors_info=&#8221;{}&#8221;][et_pb_text _builder_version=&#8221;4.25.1&#8243; _module_preset=&#8221;default&#8221; header_2_text_align=&#8221;center&#8221; header_2_text_color=&#8221;#edc500&#8243; global_colors_info=&#8221;{}&#8221;]<\/p>\n<h2>Kontaktiere uns<\/h2>\n<p>[\/et_pb_text][et_pb_divider _builder_version=&#8221;4.25.1&#8243; _module_preset=&#8221;default&#8221; width=&#8221;18%&#8221; max_width=&#8221;101%&#8221; module_alignment=&#8221;center&#8221; custom_margin=&#8221;-13px||||false|false&#8221; global_colors_info=&#8221;{}&#8221;][\/et_pb_divider][et_pb_text _builder_version=&#8221;4.25.1&#8243; _module_preset=&#8221;default&#8221; text_text_color=&#8221;#000000&#8243; width=&#8221;463px&#8221; module_alignment=&#8221;center&#8221; custom_margin=&#8221;-20px||||false|false&#8221; locked=&#8221;off&#8221; global_colors_info=&#8221;{}&#8221;]<\/p>\n<p style=\"text-align: center;\">Erfahren Sie mehr dar\u00fcber, wie <span style=\"color: #edc500;\">LeadLink Solutions<\/span> Ihnen helfen kann, Ihr Lead-Generierungspotenzial voll auszusch\u00f6pfen. Kontaktieren Sie uns noch heute f\u00fcr ein unverbindliches Beratungsgespr\u00e4ch.<\/p>\n<p>[\/et_pb_text][et_pb_button button_url=&#8221;https:\/\/leadlinksolutions.org\/?page_id=65&#8243; button_text=&#8221;kontakt&#8221; button_alignment=&#8221;center&#8221; _builder_version=&#8221;4.25.1&#8243; _module_preset=&#8221;default&#8221; custom_button=&#8221;on&#8221; button_text_size=&#8221;16px&#8221; button_text_color=&#8221;#000000&#8243; button_bg_color=&#8221;#edc500&#8243; button_border_width=&#8221;1px&#8221; button_border_color=&#8221;#FFFFFF&#8221; button_border_radius=&#8221;25px&#8221; background_layout=&#8221;dark&#8221; custom_margin=&#8221;16px||||false|false&#8221; custom_padding=&#8221;0px||4px||false|false&#8221; locked=&#8221;off&#8221; global_colors_info=&#8221;{}&#8221; button_text_size__hover_enabled=&#8221;on|desktop&#8221; button_bg_color__hover_enabled=&#8221;on|desktop&#8221; button_text_size__hover=&#8221;16px&#8221; button_bg_color__hover=&#8221;#edc500&#8243;][\/et_pb_button][\/et_pb_column][\/et_pb_row][\/et_pb_section]<\/p>\n","protected":false},"excerpt":{"rendered":"<p>Analysen &amp; BerichteUnser Service f\u00fcr Analysen und Berichte bietet Ihnen umfassende Einblicke in Ihre Lead-Generierung und Konversionsprozesse. Wir nutzen Daten aus Ihren Facebook Lead Ads und liefern detaillierte Berichte, die Ihnen helfen, die Effektivit\u00e4t Ihrer Kampagnen zu verstehen und zu optimieren.Wie funktioniert es? Lead-Erfassung und Daten\u00fcbertragung Wir generieren Leads durch gezielte Facebook Lead Ads, die [&hellip;]<\/p>\n","protected":false},"author":1,"featured_media":0,"parent":0,"menu_order":0,"comment_status":"closed","ping_status":"closed","template":"","meta":{"_et_pb_use_builder":"on","_et_pb_old_content":"","_et_gb_content_width":"","footnotes":""},"class_list":["post-407","page","type-page","status-publish","hentry"],"yoast_head":"<!-- This site is optimized with the Yoast SEO plugin v22.6 - https:\/\/yoast.com\/wordpress\/plugins\/seo\/ -->\n<title>Analysen &amp; Berichte - LeadLink Solutions Lead Generierung Agentur | Mehr Neukunden f\u00fcr Ihr Unternehmen<\/title>\n<meta name=\"robots\" content=\"index, follow, max-snippet:-1, max-image-preview:large, max-video-preview:-1\" \/>\n<link rel=\"canonical\" href=\"https:\/\/leadlinksolutions.org\/?page_id=407\" \/>\n<meta property=\"og:locale\" content=\"en_US\" \/>\n<meta property=\"og:type\" content=\"article\" \/>\n<meta property=\"og:title\" content=\"Analysen &amp; Berichte - LeadLink Solutions Lead Generierung Agentur | Mehr Neukunden f\u00fcr Ihr Unternehmen\" \/>\n<meta property=\"og:description\" content=\"Analysen &amp; BerichteUnser Service f\u00fcr Analysen und Berichte bietet Ihnen umfassende Einblicke in Ihre Lead-Generierung und Konversionsprozesse. Wir nutzen Daten aus Ihren Facebook Lead Ads und liefern detaillierte Berichte, die Ihnen helfen, die Effektivit\u00e4t Ihrer Kampagnen zu verstehen und zu optimieren.Wie funktioniert es? Lead-Erfassung und Daten\u00fcbertragung Wir generieren Leads durch gezielte Facebook Lead Ads, die [&hellip;]\" \/>\n<meta property=\"og:url\" content=\"https:\/\/leadlinksolutions.org\/?page_id=407\" \/>\n<meta property=\"og:site_name\" content=\"LeadLink Solutions Lead Generierung Agentur | Mehr Neukunden f\u00fcr Ihr Unternehmen\" \/>\n<meta property=\"article:modified_time\" content=\"2024-06-07T08:20:08+00:00\" \/>\n<meta name=\"twitter:card\" content=\"summary_large_image\" \/>\n<meta name=\"twitter:label1\" content=\"Est. reading time\" \/>\n\t<meta name=\"twitter:data1\" content=\"4 minutes\" \/>\n<script type=\"application\/ld+json\" class=\"yoast-schema-graph\">{\"@context\":\"https:\/\/schema.org\",\"@graph\":[{\"@type\":\"WebPage\",\"@id\":\"https:\/\/leadlinksolutions.org\/?page_id=407\",\"url\":\"https:\/\/leadlinksolutions.org\/?page_id=407\",\"name\":\"Analysen & Berichte - LeadLink Solutions Lead Generierung Agentur | Mehr Neukunden f\u00fcr Ihr Unternehmen\",\"isPartOf\":{\"@id\":\"https:\/\/leadlinksolutions.org\/#website\"},\"datePublished\":\"2024-05-31T10:46:21+00:00\",\"dateModified\":\"2024-06-07T08:20:08+00:00\",\"breadcrumb\":{\"@id\":\"https:\/\/leadlinksolutions.org\/?page_id=407#breadcrumb\"},\"inLanguage\":\"en-US\",\"potentialAction\":[{\"@type\":\"ReadAction\",\"target\":[\"https:\/\/leadlinksolutions.org\/?page_id=407\"]}]},{\"@type\":\"BreadcrumbList\",\"@id\":\"https:\/\/leadlinksolutions.org\/?page_id=407#breadcrumb\",\"itemListElement\":[{\"@type\":\"ListItem\",\"position\":1,\"name\":\"Home\",\"item\":\"https:\/\/leadlinksolutions.org\/\"},{\"@type\":\"ListItem\",\"position\":2,\"name\":\"Analysen &#038; Berichte\"}]},{\"@type\":\"WebSite\",\"@id\":\"https:\/\/leadlinksolutions.org\/#website\",\"url\":\"https:\/\/leadlinksolutions.org\/\",\"name\":\"LeadLink Solutions Lead Generierung Agentur | Mehr Neukunden f\u00fcr Ihr Unternehmen\",\"description\":\"Mehr Leads und Kunden f\u00fcr Ihr Unternehmen - Eine Woche kostenlos und unverbindlich testen\",\"potentialAction\":[{\"@type\":\"SearchAction\",\"target\":{\"@type\":\"EntryPoint\",\"urlTemplate\":\"https:\/\/leadlinksolutions.org\/?s={search_term_string}\"},\"query-input\":\"required name=search_term_string\"}],\"inLanguage\":\"en-US\"}]}<\/script>\n<!-- \/ Yoast SEO plugin. -->","yoast_head_json":{"title":"Analysen & Berichte - LeadLink Solutions Lead Generierung Agentur | Mehr Neukunden f\u00fcr Ihr Unternehmen","robots":{"index":"index","follow":"follow","max-snippet":"max-snippet:-1","max-image-preview":"max-image-preview:large","max-video-preview":"max-video-preview:-1"},"canonical":"https:\/\/leadlinksolutions.org\/?page_id=407","og_locale":"en_US","og_type":"article","og_title":"Analysen & Berichte - LeadLink Solutions Lead Generierung Agentur | Mehr Neukunden f\u00fcr Ihr Unternehmen","og_description":"Analysen &amp; BerichteUnser Service f\u00fcr Analysen und Berichte bietet Ihnen umfassende Einblicke in Ihre Lead-Generierung und Konversionsprozesse. Wir nutzen Daten aus Ihren Facebook Lead Ads und liefern detaillierte Berichte, die Ihnen helfen, die Effektivit\u00e4t Ihrer Kampagnen zu verstehen und zu optimieren.Wie funktioniert es? Lead-Erfassung und Daten\u00fcbertragung Wir generieren Leads durch gezielte Facebook Lead Ads, die [&hellip;]","og_url":"https:\/\/leadlinksolutions.org\/?page_id=407","og_site_name":"LeadLink Solutions Lead Generierung Agentur | Mehr Neukunden f\u00fcr Ihr Unternehmen","article_modified_time":"2024-06-07T08:20:08+00:00","twitter_card":"summary_large_image","twitter_misc":{"Est. reading time":"4 minutes"},"schema":{"@context":"https:\/\/schema.org","@graph":[{"@type":"WebPage","@id":"https:\/\/leadlinksolutions.org\/?page_id=407","url":"https:\/\/leadlinksolutions.org\/?page_id=407","name":"Analysen & Berichte - LeadLink Solutions Lead Generierung Agentur | Mehr Neukunden f\u00fcr Ihr Unternehmen","isPartOf":{"@id":"https:\/\/leadlinksolutions.org\/#website"},"datePublished":"2024-05-31T10:46:21+00:00","dateModified":"2024-06-07T08:20:08+00:00","breadcrumb":{"@id":"https:\/\/leadlinksolutions.org\/?page_id=407#breadcrumb"},"inLanguage":"en-US","potentialAction":[{"@type":"ReadAction","target":["https:\/\/leadlinksolutions.org\/?page_id=407"]}]},{"@type":"BreadcrumbList","@id":"https:\/\/leadlinksolutions.org\/?page_id=407#breadcrumb","itemListElement":[{"@type":"ListItem","position":1,"name":"Home","item":"https:\/\/leadlinksolutions.org\/"},{"@type":"ListItem","position":2,"name":"Analysen &#038; Berichte"}]},{"@type":"WebSite","@id":"https:\/\/leadlinksolutions.org\/#website","url":"https:\/\/leadlinksolutions.org\/","name":"LeadLink Solutions Lead Generierung Agentur | Mehr Neukunden f\u00fcr Ihr Unternehmen","description":"Mehr Leads und Kunden f\u00fcr Ihr Unternehmen - Eine Woche kostenlos und unverbindlich testen","potentialAction":[{"@type":"SearchAction","target":{"@type":"EntryPoint","urlTemplate":"https:\/\/leadlinksolutions.org\/?s={search_term_string}"},"query-input":"required name=search_term_string"}],"inLanguage":"en-US"}]}},"_links":{"self":[{"href":"https:\/\/leadlinksolutions.org\/index.php?rest_route=\/wp\/v2\/pages\/407","targetHints":{"allow":["GET"]}}],"collection":[{"href":"https:\/\/leadlinksolutions.org\/index.php?rest_route=\/wp\/v2\/pages"}],"about":[{"href":"https:\/\/leadlinksolutions.org\/index.php?rest_route=\/wp\/v2\/types\/page"}],"author":[{"embeddable":true,"href":"https:\/\/leadlinksolutions.org\/index.php?rest_route=\/wp\/v2\/users\/1"}],"replies":[{"embeddable":true,"href":"https:\/\/leadlinksolutions.org\/index.php?rest_route=%2Fwp%2Fv2%2Fcomments&post=407"}],"version-history":[{"count":5,"href":"https:\/\/leadlinksolutions.org\/index.php?rest_route=\/wp\/v2\/pages\/407\/revisions"}],"predecessor-version":[{"id":598,"href":"https:\/\/leadlinksolutions.org\/index.php?rest_route=\/wp\/v2\/pages\/407\/revisions\/598"}],"wp:attachment":[{"href":"https:\/\/leadlinksolutions.org\/index.php?rest_route=%2Fwp%2Fv2%2Fmedia&parent=407"}],"curies":[{"name":"wp","href":"https:\/\/api.w.org\/{rel}","templated":true}]}}