{"id":57,"date":"2024-05-16T07:59:44","date_gmt":"2024-05-16T07:59:44","guid":{"rendered":"https:\/\/leadlinksolutions.org\/?page_id=57"},"modified":"2024-06-03T13:00:14","modified_gmt":"2024-06-03T13:00:14","slug":"planung-der-werbemassnahmen","status":"publish","type":"page","link":"https:\/\/leadlinksolutions.org\/?page_id=57","title":{"rendered":"Planung der Werbema\u00dfnahmen"},"content":{"rendered":"<p>[et_pb_section fb_built=&#8221;1&#8243; _builder_version=&#8221;4.25.1&#8243; _module_preset=&#8221;default&#8221; global_colors_info=&#8221;{}&#8221;][et_pb_row _builder_version=&#8221;4.25.1&#8243; _module_preset=&#8221;default&#8221; global_colors_info=&#8221;{}&#8221;][et_pb_column type=&#8221;4_4&#8243; _builder_version=&#8221;4.25.1&#8243; _module_preset=&#8221;default&#8221; global_colors_info=&#8221;{}&#8221;][et_pb_text _builder_version=&#8221;4.25.1&#8243; _module_preset=&#8221;default&#8221; global_colors_info=&#8221;{}&#8221;]<\/p>\n<h1 style=\"text-align: center;\"><b>Planung der Werbema\u00dfnahmen<\/b><\/h1>\n<p>[\/et_pb_text][et_pb_text _builder_version=&#8221;4.25.1&#8243; _module_preset=&#8221;default&#8221; global_colors_info=&#8221;{}&#8221;]<\/p>\n<p style=\"text-align: center;\">Bevor wir mit den Kampagnen starten, f\u00fchren wir gemeinsam mit Ihnen eine sorgf\u00e4ltige strategische Planung durch. Dieser Schritt stellt sicher, dass alle Marketingma\u00dfnahmen genau auf Ihre Zielgruppe abgestimmt sind und den gr\u00f6\u00dftm\u00f6glichen Erfolg erzielen.<\/p>\n<p>[\/et_pb_text][\/et_pb_column][\/et_pb_row][\/et_pb_section][et_pb_section fb_built=&#8221;1&#8243; _builder_version=&#8221;4.25.1&#8243; _module_preset=&#8221;default&#8221; background_color=&#8221;#272323&#8243; min_height=&#8221;822.2px&#8221; custom_margin=&#8221;-20px||||false|false&#8221; border_width_top=&#8221;3px&#8221; border_color_top=&#8221;#edc500&#8243; locked=&#8221;off&#8221; global_colors_info=&#8221;{}&#8221;][et_pb_row column_structure=&#8221;1_2,1_2&#8243; _builder_version=&#8221;4.25.1&#8243; _module_preset=&#8221;default&#8221; background_color=&#8221;RGBA(255,255,255,0)&#8221; global_colors_info=&#8221;{}&#8221;][et_pb_column type=&#8221;1_2&#8243; _builder_version=&#8221;4.25.1&#8243; _module_preset=&#8221;default&#8221; global_colors_info=&#8221;{}&#8221;][et_pb_text _builder_version=&#8221;4.25.1&#8243; _module_preset=&#8221;default&#8221; text_text_color=&#8221;#FFFFFF&#8221; header_font=&#8221;|700|||||||&#8221; header_text_color=&#8221;#edc500&#8243; header_2_font=&#8221;|700|||||||&#8221; header_2_text_color=&#8221;#272323&#8243; header_3_font=&#8221;|800|||||||&#8221; header_3_text_color=&#8221;#edc500&#8243; background_color=&#8221;RGBA(255,255,255,0)&#8221; locked=&#8221;off&#8221; global_colors_info=&#8221;{}&#8221;]<\/p>\n<h3>1. Zielgruppenanalyse und Definition<\/h3>\n<ul>\n<li><strong>Zielgruppenforschung<\/strong>: Wir analysieren die Demografie, Interessen und das Verhalten Ihrer Zielgruppe.<\/li>\n<li><strong>Buyer Personas<\/strong>: Wir erstellen detaillierte Profile Ihrer idealen Kunden, um die Ansprache zu personalisieren.<\/li>\n<li><strong>Segmentierung<\/strong>: Wir teilen Ihre Zielgruppe in verschiedene Segmente, um gezieltere Kampagnen zu erstellen.<\/li>\n<\/ul>\n<h3>2. Zielsetzung<\/h3>\n<ul>\n<li><strong>Kampagnenziele festlegen<\/strong>: Wir definieren klare, messbare Ziele wie die Anzahl der Leads, die Kosten pro Lead (CPL) oder die Conversion-Rate.<\/li>\n<li><strong>KPIs bestimmen<\/strong>: Festlegen der Schl\u00fcsselkennzahlen, die zur Bewertung des Kampagnenerfolgs verwendet werden.<\/li>\n<\/ul>\n<h3>3. Budgetplanung<\/h3>\n<ul>\n<li><strong>Budget festlegen<\/strong>: Definition des Gesamtbudgets f\u00fcr die Kampagne<\/li>\n<li><strong>Gebotsstrategien<\/strong>: Definition der geeigneten Gebotsstrategie (z.B. Kosten pro Lead, Maximierung der Conversions).<\/li>\n<\/ul>\n<h3>4. Erstellung des Lead Magnets<\/h3>\n<ul>\n<li><strong>Angebot entwickeln<\/strong>: Wir entwickeln mit Ihnen einen attraktiven Lead Magneten, wie ein E-Book, einen Rabatt oder einen exklusiven Inhalt, der Ihre Zielgruppe anspricht.<\/li>\n<li><strong>Wertversprechen<\/strong>: Wir stellen sicher, dass der Lead Magnet ein klares und \u00fcberzeugendes Wertversprechen bietet.<\/li>\n<\/ul>\n<h3>5. Kreative Gestaltung<\/h3>\n<ul>\n<li><strong>Anzeigentexte<\/strong>: Wir entwickeln ansprechende und klare Texte f\u00fcr die Anzeigen, die die Vorteile des Lead Magnets hervorheben.<\/li>\n<li><strong>Visuelle Elemente<\/strong>: Wir designen f\u00fcr Sie auff\u00e4llige und relevante Bilder oder Videos, die die Aufmerksamkeit der Zielgruppe auf sich ziehen.<\/li>\n<li><strong>Call-to-Action (CTA)<\/strong>: Wir integrieren eine klare und \u00fcberzeugende Handlungsaufforderung.<\/li>\n<\/ul>\n<p>&nbsp;<\/p>\n<p>[\/et_pb_text][\/et_pb_column][et_pb_column type=&#8221;1_2&#8243; _builder_version=&#8221;4.25.1&#8243; _module_preset=&#8221;default&#8221; global_colors_info=&#8221;{}&#8221;][et_pb_text _builder_version=&#8221;4.25.1&#8243; _module_preset=&#8221;default&#8221; text_text_color=&#8221;#FFFFFF&#8221; header_font=&#8221;|700|||||||&#8221; header_text_color=&#8221;#EEDD88&#8243; header_2_font=&#8221;|700|||||||&#8221; header_2_text_color=&#8221;#272323&#8243; header_3_font=&#8221;|800|||||||&#8221; header_3_text_color=&#8221;#edc500&#8243; locked=&#8221;off&#8221; global_colors_info=&#8221;{}&#8221;]<\/p>\n<h3>6. Einrichtung der Facebook Lead Ads<\/h3>\n<ul>\n<li><strong>Formulare erstellen<\/strong>: Wir erstellen benutzerfreundliche Lead-Formulare, die die ben\u00f6tigten Informationen (z.B. Name, E-Mail, Telefonnummer) abfragen.<\/li>\n<li><strong>Datenschutz<\/strong>: Stellen Sie sicher, dass Ihre Formulare den Datenschutzbestimmungen entsprechen und klare Informationen dar\u00fcber bieten, wie die Daten verwendet werden.<\/li>\n<\/ul>\n<h3>7. Technische Vorbereitungen<\/h3>\n<ul>\n<li><strong>Pixel einrichten<\/strong>: Installieren und konfigurieren f\u00fcr Sie den Facebook Pixel auf Ihrer Website, um das Nutzerverhalten zu verfolgen und Conversions zu messen.<\/li>\n<li><strong>Integration mit CRM<\/strong>: Stellen Sie sicher, dass die gesammelten Leads automatisch in Ihr CRM-System integriert werden, um eine nahtlose Nachverfolgung zu erm\u00f6glichen.<\/li>\n<\/ul>\n<ul><\/ul>\n<h3>8. Start und \u00dcberwachung<\/h3>\n<ul>\n<li><strong>Kampagne starten<\/strong>: Starten der Kampagne und \u00fcberwachen Ergebnisse.<\/li>\n<li><strong>Performance-Analyse<\/strong>: Wir analysieren regelm\u00e4\u00dfig die Leistung der Kampagne anhand der festgelegten KPIs und nehmen Sie bei Bedarf Anpassungen vor.<\/li>\n<\/ul>\n<p>Durch die sorgf\u00e4ltige Vorbereitung und kontinuierliche Optimierung stellen wir sicher, dass Ihre Facebook Lead Ad Kampagne erfolgreich ist und wertvolle Leads f\u00fcr Ihr Unternehmen liefert.<\/p>\n<p>[\/et_pb_text][\/et_pb_column][\/et_pb_row][\/et_pb_section][et_pb_section fb_built=&#8221;1&#8243; _builder_version=&#8221;4.25.1&#8243; _module_preset=&#8221;default&#8221; background_color=&#8221;#FFFFFF&#8221; min_height=&#8221;357.4px&#8221; custom_margin=&#8221;||||false|false&#8221; custom_padding=&#8221;52px||||false|false&#8221; top_divider_height=&#8221;71px&#8221; top_divider_repeat=&#8221;1x&#8221; top_divider_flip=&#8221;horizontal&#8221; border_width_bottom=&#8221;2px&#8221; border_color_bottom=&#8221;#edc500&#8243; saved_tabs=&#8221;all&#8221; locked=&#8221;off&#8221; global_colors_info=&#8221;{}&#8221;][et_pb_row _builder_version=&#8221;4.25.1&#8243; _module_preset=&#8221;default&#8221; global_colors_info=&#8221;{}&#8221;][et_pb_column type=&#8221;4_4&#8243; _builder_version=&#8221;4.25.1&#8243; _module_preset=&#8221;default&#8221; global_colors_info=&#8221;{}&#8221;][et_pb_text _builder_version=&#8221;4.25.1&#8243; _module_preset=&#8221;default&#8221; header_2_text_align=&#8221;center&#8221; header_2_text_color=&#8221;#edc500&#8243; global_colors_info=&#8221;{}&#8221;]<\/p>\n<h2>Kontaktiere uns<\/h2>\n<p>[\/et_pb_text][et_pb_divider _builder_version=&#8221;4.25.1&#8243; _module_preset=&#8221;default&#8221; width=&#8221;18%&#8221; max_width=&#8221;101%&#8221; module_alignment=&#8221;center&#8221; custom_margin=&#8221;-13px||||false|false&#8221; global_colors_info=&#8221;{}&#8221;][\/et_pb_divider][et_pb_text _builder_version=&#8221;4.25.1&#8243; _module_preset=&#8221;default&#8221; text_text_color=&#8221;#272323&#8243; width=&#8221;463px&#8221; module_alignment=&#8221;center&#8221; custom_margin=&#8221;-20px||||false|false&#8221; global_colors_info=&#8221;{}&#8221;]<\/p>\n<p style=\"text-align: center;\">Wenn Sie weitere Informationen w\u00fcnschen oder wissen m\u00f6chten, wie wir Ihnen helfen k\u00f6nnen, nehmen Sie bitte Kontakt mit uns auf.<\/p>\n<p>[\/et_pb_text][et_pb_button button_url=&#8221;https:\/\/leadlinksolutions.org\/?page_id=65&#8243; button_text=&#8221;kontakt&#8221; button_alignment=&#8221;center&#8221; _builder_version=&#8221;4.25.1&#8243; _module_preset=&#8221;default&#8221; custom_button=&#8221;on&#8221; button_text_size=&#8221;16px&#8221; button_text_color=&#8221;#000000&#8243; button_bg_color=&#8221;#edc500&#8243; button_border_width=&#8221;1px&#8221; button_border_color=&#8221;#FFFFFF&#8221; button_border_radius=&#8221;25px&#8221; background_layout=&#8221;dark&#8221; custom_margin=&#8221;16px||||false|false&#8221; custom_padding=&#8221;4px||4px||false|false&#8221; locked=&#8221;off&#8221; global_colors_info=&#8221;{}&#8221; button_text_size__hover_enabled=&#8221;on|desktop&#8221; button_bg_color__hover_enabled=&#8221;on|desktop&#8221; button_text_size__hover=&#8221;16px&#8221; button_bg_color__hover=&#8221;#edc500&#8243;][\/et_pb_button][\/et_pb_column][\/et_pb_row][\/et_pb_section]<\/p>\n","protected":false},"excerpt":{"rendered":"<p>Planung der Werbema\u00dfnahmenBevor wir mit den Kampagnen starten, f\u00fchren wir gemeinsam mit Ihnen eine sorgf\u00e4ltige strategische Planung durch. Dieser Schritt stellt sicher, dass alle Marketingma\u00dfnahmen genau auf Ihre Zielgruppe abgestimmt sind und den gr\u00f6\u00dftm\u00f6glichen Erfolg erzielen.1. Zielgruppenanalyse und Definition Zielgruppenforschung: Wir analysieren die Demografie, Interessen und das Verhalten Ihrer Zielgruppe. Buyer Personas: Wir erstellen detaillierte [&hellip;]<\/p>\n","protected":false},"author":1,"featured_media":0,"parent":0,"menu_order":0,"comment_status":"closed","ping_status":"closed","template":"","meta":{"_et_pb_use_builder":"on","_et_pb_old_content":"","_et_gb_content_width":"","footnotes":""},"class_list":["post-57","page","type-page","status-publish","hentry"],"yoast_head":"<!-- This site is optimized with the Yoast SEO plugin v22.6 - https:\/\/yoast.com\/wordpress\/plugins\/seo\/ -->\n<title>Planung der Werbema\u00dfnahmen - LeadLink Solutions Lead Generierung Agentur | Mehr Neukunden f\u00fcr Ihr Unternehmen<\/title>\n<meta name=\"robots\" content=\"index, follow, max-snippet:-1, max-image-preview:large, max-video-preview:-1\" \/>\n<link rel=\"canonical\" href=\"https:\/\/leadlinksolutions.org\/?page_id=57\" \/>\n<meta property=\"og:locale\" content=\"en_US\" \/>\n<meta property=\"og:type\" content=\"article\" \/>\n<meta property=\"og:title\" content=\"Planung der Werbema\u00dfnahmen - LeadLink Solutions Lead Generierung Agentur | Mehr Neukunden f\u00fcr Ihr Unternehmen\" \/>\n<meta property=\"og:description\" content=\"Planung der Werbema\u00dfnahmenBevor wir mit den Kampagnen starten, f\u00fchren wir gemeinsam mit Ihnen eine sorgf\u00e4ltige strategische Planung durch. Dieser Schritt stellt sicher, dass alle Marketingma\u00dfnahmen genau auf Ihre Zielgruppe abgestimmt sind und den gr\u00f6\u00dftm\u00f6glichen Erfolg erzielen.1. Zielgruppenanalyse und Definition Zielgruppenforschung: Wir analysieren die Demografie, Interessen und das Verhalten Ihrer Zielgruppe. Buyer Personas: Wir erstellen detaillierte [&hellip;]\" \/>\n<meta property=\"og:url\" content=\"https:\/\/leadlinksolutions.org\/?page_id=57\" \/>\n<meta property=\"og:site_name\" content=\"LeadLink Solutions Lead Generierung Agentur | Mehr Neukunden f\u00fcr Ihr Unternehmen\" \/>\n<meta property=\"article:modified_time\" content=\"2024-06-03T13:00:14+00:00\" \/>\n<meta name=\"twitter:card\" content=\"summary_large_image\" \/>\n<meta name=\"twitter:label1\" content=\"Est. reading time\" \/>\n\t<meta name=\"twitter:data1\" content=\"3 minutes\" \/>\n<script type=\"application\/ld+json\" class=\"yoast-schema-graph\">{\"@context\":\"https:\/\/schema.org\",\"@graph\":[{\"@type\":\"WebPage\",\"@id\":\"https:\/\/leadlinksolutions.org\/?page_id=57\",\"url\":\"https:\/\/leadlinksolutions.org\/?page_id=57\",\"name\":\"Planung der Werbema\u00dfnahmen - LeadLink Solutions Lead Generierung Agentur | Mehr Neukunden f\u00fcr Ihr Unternehmen\",\"isPartOf\":{\"@id\":\"https:\/\/leadlinksolutions.org\/#website\"},\"datePublished\":\"2024-05-16T07:59:44+00:00\",\"dateModified\":\"2024-06-03T13:00:14+00:00\",\"breadcrumb\":{\"@id\":\"https:\/\/leadlinksolutions.org\/?page_id=57#breadcrumb\"},\"inLanguage\":\"en-US\",\"potentialAction\":[{\"@type\":\"ReadAction\",\"target\":[\"https:\/\/leadlinksolutions.org\/?page_id=57\"]}]},{\"@type\":\"BreadcrumbList\",\"@id\":\"https:\/\/leadlinksolutions.org\/?page_id=57#breadcrumb\",\"itemListElement\":[{\"@type\":\"ListItem\",\"position\":1,\"name\":\"Home\",\"item\":\"https:\/\/leadlinksolutions.org\/\"},{\"@type\":\"ListItem\",\"position\":2,\"name\":\"Planung der Werbema\u00dfnahmen\"}]},{\"@type\":\"WebSite\",\"@id\":\"https:\/\/leadlinksolutions.org\/#website\",\"url\":\"https:\/\/leadlinksolutions.org\/\",\"name\":\"LeadLink Solutions Lead Generierung Agentur | Mehr Neukunden f\u00fcr Ihr Unternehmen\",\"description\":\"Mehr Leads und Kunden f\u00fcr Ihr Unternehmen - Eine Woche kostenlos und unverbindlich testen\",\"potentialAction\":[{\"@type\":\"SearchAction\",\"target\":{\"@type\":\"EntryPoint\",\"urlTemplate\":\"https:\/\/leadlinksolutions.org\/?s={search_term_string}\"},\"query-input\":\"required name=search_term_string\"}],\"inLanguage\":\"en-US\"}]}<\/script>\n<!-- \/ Yoast SEO plugin. -->","yoast_head_json":{"title":"Planung der Werbema\u00dfnahmen - LeadLink Solutions Lead Generierung Agentur | Mehr Neukunden f\u00fcr Ihr Unternehmen","robots":{"index":"index","follow":"follow","max-snippet":"max-snippet:-1","max-image-preview":"max-image-preview:large","max-video-preview":"max-video-preview:-1"},"canonical":"https:\/\/leadlinksolutions.org\/?page_id=57","og_locale":"en_US","og_type":"article","og_title":"Planung der Werbema\u00dfnahmen - LeadLink Solutions Lead Generierung Agentur | Mehr Neukunden f\u00fcr Ihr Unternehmen","og_description":"Planung der Werbema\u00dfnahmenBevor wir mit den Kampagnen starten, f\u00fchren wir gemeinsam mit Ihnen eine sorgf\u00e4ltige strategische Planung durch. Dieser Schritt stellt sicher, dass alle Marketingma\u00dfnahmen genau auf Ihre Zielgruppe abgestimmt sind und den gr\u00f6\u00dftm\u00f6glichen Erfolg erzielen.1. Zielgruppenanalyse und Definition Zielgruppenforschung: Wir analysieren die Demografie, Interessen und das Verhalten Ihrer Zielgruppe. Buyer Personas: Wir erstellen detaillierte [&hellip;]","og_url":"https:\/\/leadlinksolutions.org\/?page_id=57","og_site_name":"LeadLink Solutions Lead Generierung Agentur | Mehr Neukunden f\u00fcr Ihr Unternehmen","article_modified_time":"2024-06-03T13:00:14+00:00","twitter_card":"summary_large_image","twitter_misc":{"Est. reading time":"3 minutes"},"schema":{"@context":"https:\/\/schema.org","@graph":[{"@type":"WebPage","@id":"https:\/\/leadlinksolutions.org\/?page_id=57","url":"https:\/\/leadlinksolutions.org\/?page_id=57","name":"Planung der Werbema\u00dfnahmen - LeadLink Solutions Lead Generierung Agentur | Mehr Neukunden f\u00fcr Ihr Unternehmen","isPartOf":{"@id":"https:\/\/leadlinksolutions.org\/#website"},"datePublished":"2024-05-16T07:59:44+00:00","dateModified":"2024-06-03T13:00:14+00:00","breadcrumb":{"@id":"https:\/\/leadlinksolutions.org\/?page_id=57#breadcrumb"},"inLanguage":"en-US","potentialAction":[{"@type":"ReadAction","target":["https:\/\/leadlinksolutions.org\/?page_id=57"]}]},{"@type":"BreadcrumbList","@id":"https:\/\/leadlinksolutions.org\/?page_id=57#breadcrumb","itemListElement":[{"@type":"ListItem","position":1,"name":"Home","item":"https:\/\/leadlinksolutions.org\/"},{"@type":"ListItem","position":2,"name":"Planung der Werbema\u00dfnahmen"}]},{"@type":"WebSite","@id":"https:\/\/leadlinksolutions.org\/#website","url":"https:\/\/leadlinksolutions.org\/","name":"LeadLink Solutions Lead Generierung Agentur | Mehr Neukunden f\u00fcr Ihr Unternehmen","description":"Mehr Leads und Kunden f\u00fcr Ihr Unternehmen - Eine Woche kostenlos und unverbindlich testen","potentialAction":[{"@type":"SearchAction","target":{"@type":"EntryPoint","urlTemplate":"https:\/\/leadlinksolutions.org\/?s={search_term_string}"},"query-input":"required name=search_term_string"}],"inLanguage":"en-US"}]}},"_links":{"self":[{"href":"https:\/\/leadlinksolutions.org\/index.php?rest_route=\/wp\/v2\/pages\/57","targetHints":{"allow":["GET"]}}],"collection":[{"href":"https:\/\/leadlinksolutions.org\/index.php?rest_route=\/wp\/v2\/pages"}],"about":[{"href":"https:\/\/leadlinksolutions.org\/index.php?rest_route=\/wp\/v2\/types\/page"}],"author":[{"embeddable":true,"href":"https:\/\/leadlinksolutions.org\/index.php?rest_route=\/wp\/v2\/users\/1"}],"replies":[{"embeddable":true,"href":"https:\/\/leadlinksolutions.org\/index.php?rest_route=%2Fwp%2Fv2%2Fcomments&post=57"}],"version-history":[{"count":4,"href":"https:\/\/leadlinksolutions.org\/index.php?rest_route=\/wp\/v2\/pages\/57\/revisions"}],"predecessor-version":[{"id":573,"href":"https:\/\/leadlinksolutions.org\/index.php?rest_route=\/wp\/v2\/pages\/57\/revisions\/573"}],"wp:attachment":[{"href":"https:\/\/leadlinksolutions.org\/index.php?rest_route=%2Fwp%2Fv2%2Fmedia&parent=57"}],"curies":[{"name":"wp","href":"https:\/\/api.w.org\/{rel}","templated":true}]}}